{"id":12,"date":"2012-06-09T18:18:55","date_gmt":"2012-06-09T18:18:55","guid":{"rendered":"http:\/\/psykologi.gl\/?page_id=12"},"modified":"2026-04-20T05:04:39","modified_gmt":"2026-04-20T08:04:39","slug":"priser","status":"publish","type":"page","link":"http:\/\/psykologi.gl\/?page_id=12","title":{"rendered":"Akissarititagut &#8211; Priser"},"content":{"rendered":"\t\t<div data-elementor-type=\"wp-page\" data-elementor-id=\"12\" class=\"elementor elementor-12\">\n\t\t\t\t<div class=\"elementor-element elementor-element-286dfe49 e-flex e-con-boxed e-con e-parent\" data-id=\"286dfe49\" data-element_type=\"container\">\n\t\t\t\t\t<div class=\"e-con-inner\">\n\t\t\t\t<div class=\"elementor-element elementor-element-24a7ea5d elementor-widget elementor-widget-text-editor\" data-id=\"24a7ea5d\" data-element_type=\"widget\" data-widget_type=\"text-editor.default\">\n\t\t\t\t<div class=\"elementor-widget-container\">\n\t\t\t\t\t\t\t\t\t<p>Dansk Psykolog Forening-ip siunnersuutaanut akissarititagut naleqqussarsimavagut piuminarsarlugilli imannak 1. April 2023-miit inissippagut:<\/p>\n<p>Vore vejledende priser er afstemt efter Dansk psykolog Forenings anbefalinger, dog forenklet til faste dags- og timepriser p\u00e5 denne m\u00e5de. Pr. 1. april 2023 er vore priser \u00e6ndret til:<\/p>\n<p style=\"text-align: left;\">Inunnut ataasiakkaanut:<strong> 1300 kr.<\/strong> konsultation (45-60 min.)<\/p>\n<p style=\"text-align: left;\">Individuelle samtaler: <strong>&nbsp;1300 kr.<\/strong> konsultation (45-60 min.)<\/p>\n<p style=\"text-align: left;\">Supervision: <strong>1300 kr.<\/strong>\/ konsultation (45-60 min.)<\/p>\n<p>Akut krisesamtale med min. 1 dags varsel : <strong>1.400 kr<\/strong>.\/time<\/p>\n<p style=\"text-align: left;\">Aappariinnut imal. marlukkaartunut \/ Parsamtaler, terapi og supervision<\/p>\n<p style=\"text-align: left;\">Gruppenut marlunnik annerusunit : <strong>1.800 kr.<\/strong>\/time<\/p>\n<p style=\"text-align: left;\">Grupper (supervision\/terapi) af mere end 2 personer: &nbsp;<strong>2300 kr.<\/strong>\/time<\/p>\n<p style=\"text-align: left;\"><strong>Undervisning af Conni:<\/strong><\/p>\n<p style=\"text-align: left;\">&#8211; p\u00e5 timebasis &nbsp; &nbsp; &nbsp; &nbsp; &nbsp; &nbsp; &nbsp; &nbsp; &nbsp; &nbsp; &nbsp; &nbsp; &nbsp; &nbsp; &nbsp; &nbsp; &nbsp; &nbsp; &nbsp; &nbsp; &nbsp; &nbsp; &nbsp; &nbsp; &nbsp; &nbsp; &nbsp; &nbsp; &nbsp; &nbsp; &nbsp; efter aftale &#8211; &nbsp; 2.100kr.\/time<\/p>\n<p style=\"text-align: left;\">&#8211; dagsbasis (f.eks. temadage) &nbsp; &nbsp; &nbsp; &nbsp; &nbsp; &nbsp; &nbsp; &nbsp; &nbsp; &nbsp; &nbsp; &nbsp; &nbsp; &nbsp; &nbsp; &nbsp; &nbsp; &nbsp;efter aftale &#8211;&nbsp;&nbsp; Ca. 10.000 -12.000kr.\/dag<\/p>\n<p style=\"text-align: left;\">&#8211; 2-5 dage i tr\u00e6k (f.eks. kurser) &nbsp; &nbsp; &nbsp; &nbsp; &nbsp; &nbsp; &nbsp; &nbsp; &nbsp; &nbsp; &nbsp; &nbsp; &nbsp; &nbsp; &nbsp; &nbsp; efter aftale &#8211; &nbsp; Ca. 10.000 kr.\/dag<\/p>\n<p style=\"text-align: left;\">&#8211; rejsedage &nbsp; &nbsp; &nbsp; &nbsp; &nbsp; &nbsp; &nbsp; &nbsp; &nbsp; &nbsp; &nbsp; &nbsp; &nbsp; &nbsp; &nbsp; &nbsp; &nbsp; &nbsp; &nbsp; &nbsp; &nbsp; &nbsp; &nbsp; &nbsp; &nbsp; &nbsp; &nbsp; &nbsp; &nbsp; &nbsp; &nbsp; &nbsp; &nbsp; &nbsp; ca. 3.000 kr.\/rejsedag<\/p>\n<p>hvor det er mest hensigtsm\u00e6ssigt, f.eks. ved aftale om st\u00f8rre eller mangesidige opgaver, udformes kontrakt.<\/p>\n<p><strong>Akiliineq\/Betaling<\/strong>:<\/p>\n<p>Faktura nassiunnerata kingorna bankkontomut ikisinikkut pissaaq.<\/p>\n<p>Betaling sker med bankoverf\u00f8rsel efter fremsendt faktura.<\/p>\n<p>Piffissamut isumaqataassutaareersumut, minnerpaamik ulloq sioqqullugu, &nbsp;pisinnaajunnaarnerit nalunaarutigigukku akiliisssanngilatit. Taamaaliunngikkuit fakturamik akiligassannik nassinneqassaatik.<\/p>\n<p>Hvis du bliver forhindret i at komme til din aftalte tid, undg\u00e5r du at betale fuld takst, s\u00e5fremt du melder afbud senest dagen f\u00f8r. Ved senere afbud eller udeblivelse vil der blive fremsendt regning for timen<\/p>\t\t\t\t\t\t\t\t<\/div>\n\t\t\t\t<\/div>\n\t\t\t\t\t<\/div>\n\t\t\t\t<\/div>\n\t\t\t\t<\/div>\n\t\t","protected":false},"excerpt":{"rendered":"<p>Dansk Psykolog Forening-ip siunnersuutaanut akissarititagut naleqqussarsimavagut piuminarsarlugilli imannak 1. April 2023-miit inissippagut: Vore vejledende priser er afstemt efter Dansk psykolog Forenings anbefalinger, dog forenklet til faste dags- og timepriser p\u00e5 denne m\u00e5de. Pr. 1. april 2023 er vore priser \u00e6ndret til: Inunnut ataasiakkaanut: 1300 kr. konsultation (45-60 min.) Individuelle samtaler: &nbsp;1300 kr. konsultation (45-60 min.) [&hellip;]<\/p>\n","protected":false},"author":1,"featured_media":0,"parent":0,"menu_order":2,"comment_status":"closed","ping_status":"closed","template":"","meta":{"footnotes":""},"class_list":["post-12","page","type-page","status-publish","hentry"],"_links":{"self":[{"href":"http:\/\/psykologi.gl\/index.php?rest_route=\/wp\/v2\/pages\/12","targetHints":{"allow":["GET"]}}],"collection":[{"href":"http:\/\/psykologi.gl\/index.php?rest_route=\/wp\/v2\/pages"}],"about":[{"href":"http:\/\/psykologi.gl\/index.php?rest_route=\/wp\/v2\/types\/page"}],"author":[{"embeddable":true,"href":"http:\/\/psykologi.gl\/index.php?rest_route=\/wp\/v2\/users\/1"}],"replies":[{"embeddable":true,"href":"http:\/\/psykologi.gl\/index.php?rest_route=%2Fwp%2Fv2%2Fcomments&post=12"}],"version-history":[{"count":45,"href":"http:\/\/psykologi.gl\/index.php?rest_route=\/wp\/v2\/pages\/12\/revisions"}],"predecessor-version":[{"id":641,"href":"http:\/\/psykologi.gl\/index.php?rest_route=\/wp\/v2\/pages\/12\/revisions\/641"}],"wp:attachment":[{"href":"http:\/\/psykologi.gl\/index.php?rest_route=%2Fwp%2Fv2%2Fmedia&parent=12"}],"curies":[{"name":"wp","href":"https:\/\/api.w.org\/{rel}","templated":true}]}}