{"id":20,"date":"2012-06-09T18:21:36","date_gmt":"2012-06-09T18:21:36","guid":{"rendered":"http:\/\/psykologi.gl\/?page_id=20"},"modified":"2025-06-05T11:46:51","modified_gmt":"2025-06-05T14:46:51","slug":"publikationer","status":"publish","type":"page","link":"https:\/\/psykologi.gl\/?page_id=20","title":{"rendered":"Saqqumersitagut &#8211; Publikationer"},"content":{"rendered":"<p><img fetchpriority=\"high\" decoding=\"async\" class=\"alignnone size-medium wp-image-603\" src=\"http:\/\/psykologi.gl\/wp-content\/uploads\/2025\/06\/1141361_OQT8MQ0-300x293.png\" alt=\"\" width=\"300\" height=\"293\" \/><\/p>\n<p>&nbsp;<\/p>\n<p>Amalia Lynge Pedersen &#8211; <strong>Publikationer<\/strong>:<\/p>\n<p>Medforfatter i videnskabelige publikationer omkring psykisk helbred i prim\u00e6r sundhedstjeneste i Gr\u00f8nland:<\/p>\n<p><strong>Psykisk helbred hos patienter i Gr\u00f8nlands sundhedsv\u00e6sen<br \/>\n<\/strong>Inge Lynge, Povl Munk-J\u00f8rgensen, Amalie Lynge Pedersen, Gert Mulvad og Peter Bjerregaard<\/p>\n<p>Statens Institut for Folkesundhed og forfatterne, K\u00f8benhavn 2003<\/p>\n<p><strong>Common mental disorders among patients in primary health care in Greenland<br \/>\n<\/strong>Inge Lynge, Povl Munk-J\u00f8rgensen, Amalia Lynge Pedersen, Gert Mulvad, Peter Bjerregaard,<\/p>\n<p>International journal of Circumpolar health, Vol 63, suppl 2 (2004)<\/p>\n<p>&#8220;Prevalence of postpartum depression in Nuuk, Greenland a cross-sectional study using Edinburgh Postnatal Depression Scale&#8221;<\/p>\n<p>Link:\u00a0<a href=\"http:\/\/www.ncbi.nlm.nih.gov\/pubmed?term=Motzfeldt%20I%5BAuthor%5D&amp;cauthor=true&amp;cauthor_uid=23984294\">Motzfeldt I<\/a>, <a href=\"http:\/\/www.ncbi.nlm.nih.gov\/pubmed?term=Andreasen%20S%5BAuthor%5D&amp;cauthor=true&amp;cauthor_uid=23984294\">Andreasen S<\/a>, <a href=\"http:\/\/www.ncbi.nlm.nih.gov\/pubmed?term=Pedersen%20AL%5BAuthor%5D&amp;cauthor=true&amp;cauthor_uid=23984294\"><b>Pedersen AL<\/b><\/a>, <a href=\"http:\/\/www.ncbi.nlm.nih.gov\/pubmed?term=Pedersen%20ML%5BAuthor%5D&amp;cauthor=true&amp;cauthor_uid=23984294\">Pedersen ML<\/a>. Prevalence of postpartum depression in Nuuk, Greenland&#8211;a cross-sectional study using Edinburgh Postnatal Depression Scale. <a href=\"http:\/\/www.ncbi.nlm.nih.gov\/pubmed\/?term=postnatal+depression+greenland%23\">Int J Circumpolar Health.<\/a> 2013 Aug 5;72. doi: 10.3402\/ijch.v72i0.21114.<\/p>\n<p>Artikel af Louise M. Kleeman:\u00a0 \u201cTarnikkut peqqiilliuutut nappaatillu atugaaqaat &#8211; Det Psykiske helbred i Gr\u00f8nland er truet\u201d i Sermitsiaq Nr. 11. 1997<\/p>\n<p>Hans Anton Lynge \u201c<b>Amaliap oqallisissiai\u201d <\/b>Atuagassiaq KALAALEQ, februaari 2012. NR. 2;24<\/p>\n<p>Nutserneqarneranit qulakkiineq: <b>\u201cAttaveqarneq aamma Attaveqarnermik ajornartorsiuteqarneq\u201d, <\/b>Ilaqutariinnermut, Kultureqarnermut, Ilageeqarnermut Naligiisitaanermullu Naalakkersuisoqarfik, 2011 saqqumersinneqartoq<\/p>\n<p><b>Pedersen AL<\/b>, Indre gr\u00f8nlandske perspektiver. Greenland Today no.16. 2012;60-63. English:<a href=\"http:\/\/psykologi.gl\/wp-content\/uploads\/2018\/03\/Inner-Greenlandic-perspectives.pdf\">Inner Greenlandic perspectives<\/a><\/p>\n<p><b>Pedersen AL<\/b>, Greenland Inner Landscapes. Conditions issue11\/12 2012;54-57.\u00a0available at:<\/p>\n<p><a href=\"http:\/\/www.dac-bookshop.dk\/Shop.aspx?ID=48&amp;ProductID=B1168%40%40SHOP1\">http:\/\/www.dac-bookshop.dk\/Shop.aspx<\/a><a href=\"http:\/\/www.dac-bookshop.dk\/Shop.aspx?ID=48&amp;ProductID=B1168%40%40SHOP1\">ID=48&amp;ProductID=B1168%40%40SHOP1<\/a><\/p>\n<p><b>Pedersen AL<\/b>, <b>\u00a0<\/b>Indre landskaber over Gr\u00f8nland, Sermitsiaq 38, 2012;44<\/p>\n<p><b>Pedersen AL <\/b>Indre Gr\u00f8nlandske perspektiver,<b> <\/b>Nakorsanut nr. 3. 2012;8<\/p>\n<p>Pedersen, Amalia Lynge: Forsoning med fortiden, Fagessay P Psykologernes fagmagasin Nr.1, 2018<\/p>\n<p><a href=\"http:\/\/psykologi.gl\/wp-content\/uploads\/2018\/03\/fagessay-jan.2018.pdf\">fagessay, jan.2018<\/a><\/p>\n<p><strong>B\u00f8rne samtaleb\u00f8ger<\/strong>:<\/p>\n<p><em id=\"__mceDel\">&#8220;Soorlu Ilumoortoq -\u00c6gte Fantasihistorier&#8221;, Mary Fonden &#8211; <a href=\"http:\/\/www.maryfonden.dk\/Files\/System\/pdf\/Mary_Fonden_bag_ny_gr%C3%B8nlandsk_b%C3%B8rnebog_om_vold_i_hjemmet.pdf\" target=\"_blank\" rel=\"noopener noreferrer\">Se pressemeddelelse her<\/a><\/em><\/p>\n<p><a href=\"http:\/\/psykologi.gl\/wp-content\/uploads\/2012\/06\/Soorlu-ilumoortoq.jpg\"><img decoding=\"async\" class=\"alignnone size-medium wp-image-226\" src=\"http:\/\/psykologi.gl\/wp-content\/uploads\/2012\/06\/Soorlu-ilumoortoq-295x300.jpg\" alt=\"Soorlu ilumoortoq\" width=\"295\" height=\"300\" srcset=\"https:\/\/psykologi.gl\/wp-content\/uploads\/2012\/06\/Soorlu-ilumoortoq-295x300.jpg 295w, https:\/\/psykologi.gl\/wp-content\/uploads\/2012\/06\/Soorlu-ilumoortoq-1010x1024.jpg 1010w, https:\/\/psykologi.gl\/wp-content\/uploads\/2012\/06\/Soorlu-ilumoortoq.jpg 1965w\" sizes=\"(max-width: 295px) 100vw, 295px\" \/><\/a><\/p>\n<p><strong>Pedersen AL\u00a0<\/strong>Anaana ataatalu nakuuseraangata, MILIK Publ.2011<\/p>\n<p><strong>Pedersen AL\u00a0<\/strong>Anaana ataatalu aalakooraangata, MILIK Publ.2011<\/p>\n<p><b>Pedersen AL <\/b>Suluup aataava toqummat, MILIK PUBL., 2013<\/p>\n<p><b>Pedersen AL <\/b>Anaana qasusoorpoq, MILIK PUBL.,\u00a0 2013<\/p>\n<p><strong>Pedersen AL<\/strong> Ataata isertitsivimmiippoq, MILIK PUBL., 2014<\/p>\n<p>Atuakkat saqqumersinneqarneranut tapersiisuupput Namminersorlutik Oqartussat: udgivet med st\u00f8tte fra Selvstyret,<\/p>\n<p><img decoding=\"async\" class=\"alignnone size-medium wp-image-186\" title=\"Anaana-ataatalu-annersaagaangata\" src=\"http:\/\/psykologi.gl\/wp-content\/uploads\/2012\/06\/Anaana-ataatalu-annersaagaangata-227x300.jpg\" alt=\"\" width=\"227\" height=\"300\" srcset=\"https:\/\/psykologi.gl\/wp-content\/uploads\/2012\/06\/Anaana-ataatalu-annersaagaangata-227x300.jpg 227w, https:\/\/psykologi.gl\/wp-content\/uploads\/2012\/06\/Anaana-ataatalu-annersaagaangata.jpg 480w\" sizes=\"(max-width: 227px) 100vw, 227px\" \/>\u00a0\u00a0<img loading=\"lazy\" decoding=\"async\" class=\"alignnone size-medium wp-image-185\" title=\"Anaana-ataatalu-aalakooraangata\" src=\"http:\/\/psykologi.gl\/wp-content\/uploads\/2012\/06\/Anaana-ataatalu-aalakooraangata-227x300.jpg\" alt=\"\" width=\"227\" height=\"300\" srcset=\"https:\/\/psykologi.gl\/wp-content\/uploads\/2012\/06\/Anaana-ataatalu-aalakooraangata-227x300.jpg 227w, https:\/\/psykologi.gl\/wp-content\/uploads\/2012\/06\/Anaana-ataatalu-aalakooraangata.jpg 480w\" sizes=\"(max-width: 227px) 100vw, 227px\" \/><\/p>\n<p><a href=\"http:\/\/psykologi.gl\/wp-content\/uploads\/2012\/06\/Anaana-qasusoorpoq-omslag.jpg\"><img loading=\"lazy\" decoding=\"async\" class=\"alignnone size-medium wp-image-224\" src=\"http:\/\/psykologi.gl\/wp-content\/uploads\/2012\/06\/Anaana-qasusoorpoq-omslag-221x300.jpg\" alt=\"Anaana qasusoorpoq omslag\" width=\"221\" height=\"300\" srcset=\"https:\/\/psykologi.gl\/wp-content\/uploads\/2012\/06\/Anaana-qasusoorpoq-omslag-221x300.jpg 221w, https:\/\/psykologi.gl\/wp-content\/uploads\/2012\/06\/Anaana-qasusoorpoq-omslag.jpg 647w\" sizes=\"(max-width: 221px) 100vw, 221px\" \/><\/a> <a href=\"http:\/\/psykologi.gl\/wp-content\/uploads\/2012\/06\/Suluup-aataava-toqummat-omslag.jpg\"><img loading=\"lazy\" decoding=\"async\" class=\"alignnone size-medium wp-image-225\" src=\"http:\/\/psykologi.gl\/wp-content\/uploads\/2012\/06\/Suluup-aataava-toqummat-omslag-222x300.jpg\" alt=\"Suluup aataava toqummat omslag\" width=\"222\" height=\"300\" srcset=\"https:\/\/psykologi.gl\/wp-content\/uploads\/2012\/06\/Suluup-aataava-toqummat-omslag-222x300.jpg 222w, https:\/\/psykologi.gl\/wp-content\/uploads\/2012\/06\/Suluup-aataava-toqummat-omslag.jpg 655w\" sizes=\"(max-width: 222px) 100vw, 222px\" \/><\/a><\/p>\n<p><a href=\"http:\/\/psykologi.gl\/wp-content\/uploads\/2012\/06\/Anmeldelse-Da-Martins-Bedstefar-D\u00f8de-1.pdf\">Anmeldelse Da Martins Bedstefar D\u00f8de<\/a><\/p>\n<div><a href=\"http:\/\/psykologi.gl\/wp-content\/uploads\/2014\/12\/9788792790477.jpg\"><img loading=\"lazy\" decoding=\"async\" class=\"alignnone size-medium wp-image-240\" src=\"http:\/\/psykologi.gl\/wp-content\/uploads\/2014\/12\/9788792790477-220x300.jpg\" alt=\"Ataata isertitsivimmiippoq\" width=\"220\" height=\"300\" srcset=\"https:\/\/psykologi.gl\/wp-content\/uploads\/2014\/12\/9788792790477-220x300.jpg 220w, https:\/\/psykologi.gl\/wp-content\/uploads\/2014\/12\/9788792790477.jpg 592w\" sizes=\"(max-width: 220px) 100vw, 220px\" \/><\/a><\/div>\n<div><\/div>\n<div>H\u00e5ndbog om gr\u00e6nses\u00e6tning udgivet august 2018 i samarbejde med MIO<\/div>\n<div><a href=\"http:\/\/psykologi.gl\/?attachment_id=439\" rel=\"attachment wp-att-439\">Meeqqanik killiliineq<\/a>\u00a0<a href=\"http:\/\/psykologi.gl\/wp-content\/uploads\/2019\/10\/Gr\u00e6nses\u00e6tning-1.pdf\">Gr\u00e6nses\u00e6tning<\/a><\/div>\n<div><\/div>\n<p><strong>Faglig konsulent p\u00e5 de gr\u00f8nlandske versioner af f\u00f8lgende b\u00f8ger<\/strong>:<\/p>\n<p>\u201cInoorusunneq\u201d af Conni Gregersen, Milik publishing, 2010<\/p>\n<p>\u201cAnniaat katsorsaataasoq\u201d af Marianne Davidsen-Nielsen &amp; Nini Leick, Atuakkiorfik, 1999<\/p>\n<p>\u201cAttaveqaqatigiinneq\u201d, Pjece til plejefamilier, udgivet af Departement for Familie, Kultur, Kirke og Ligestilling<\/p>\n<p>Redaktion p\u00e5 MISIGISSUTSIKKA oqaluuserisitigit -Lad os tale om MINE F\u00d8LELSER, saqqummersitsoq \/ udgivet af MIO, 2019<\/p>\n<p><strong>Andet<\/strong>:<\/p>\n<p>Boganmeldelser i Psykolog Nyt<\/p>\n<p>http:\/\/infolink2003.elbo.dk\/PsyNyt\/Dokumenter\/doc\/16137.pdf<\/p>\n<p>Deltaget i diverse radio og tv-udsendelser om Psykologiske problemstillinger<\/p>\n<p>1.-3.okt., 2016, workshop omkring Narrativ Praksis med Psykolog Eva S\u00f8ndergaard, : http:\/\/www.nunamed.org\/<\/p>\n<hr \/>\n<p>Conni Kirstine Gregersen &#8211;\u00a0<strong>Publikationer<\/strong>:<\/p>\n<p><strong>Artikler og b\u00f8ger<\/strong><\/p>\n<p>Gregersen, Conni og Karen Fabricius Hansen: F\u00e6llesskabet Svanager \u2013 et<\/p>\n<p>socialp\u00e6dagogisk kollektiv, opbygning, udvikling, erfaring,<\/p>\n<p>Socialstyrelsen, projekt nr. 124: dec. 1982,<\/p>\n<p>Gregersen, C.: Incestsagers komplicerthed. Kommentar Information, 4. nov. 1992*<\/p>\n<p>Gregersen, C.: Sexuelt misbrugte b\u00f8rn i det daglige. P\u00e6dagogisk Medhj\u00e6lper<\/p>\n<p>Forbund \u2013 Hot five, afd. 5 &amp; all stars, 1992<\/p>\n<p>Hildebrand, E. &amp; C. Gregersen: Drenge og seksuelle overgreb, analyse og\u00a0behandling. Kbhvn. Reitzel 1994*<\/p>\n<p>Gregersen, C.: Selvmord i Gr\u00f8nland, 2. del. PsykologNyt nr. 12, 1998*<\/p>\n<p>Gregersen, C. &amp; Asii Chemnitz Narup: Kalaallit Nunaanni aliasuutilinnik sullissineq<\/p>\n<p>I: Davidsen-Nielsen, M. &amp; N. Leick: Anniaat Katsorsaataasoq, Nuuk,<\/p>\n<p>Atuakkiorfik, 1999 (kapitel om Sorggruppen i Nuuk i den gr\u00f8nlandske overs\u00e6ttelse af \u201dDen n\u00f8dvendige smerte\u201d) *<\/p>\n<p>Gregersen, C.: B\u00f8rneterapi i Gr\u00f8nland, i: Hvidbog fra p\u00e5 Konference om seksuelt\u00a0misbrug af b\u00f8rn, Nuuk, 1999, Red Barnet\/Socialdirektoratet, Gr\u00f8nlands\u00a0Hjemmestyre<\/p>\n<p>Gregersen, C.: Hvad sker der med mig, n\u00e5r jeg arbejder med misbrugte b\u00f8rn.<\/p>\n<p>I samme hvidbog.<\/p>\n<p>Gregersen, C.: \u201dIndre barrierer, menneskelige og professionelle\u201d.<\/p>\n<p>I \u201dNye Veje\u201d, rapport fra konference om omsorg for b\u00f8rn og unge,<\/p>\n<p>Sisimiut, juni 2000\/ Direktoratet for sociale anliggender og<\/p>\n<p>Arbejdsmarked, Grl.Hjemmstyre og Foreningen Gr\u00f8nlandske b\u00f8rn<\/p>\n<p>Gregersen C: Det gode liv i Uummannaq, artikel *<\/p>\n<p>i antologien: Det gode liv i Uummannaq, Uummannaq kommune, 2005<\/p>\n<p>Gregersen, C: Refleksioner over indhold og metoder i det socialp\u00e6dagogiske<\/p>\n<p>behandlingsarbejde for anbragte b\u00f8rn og unge i Gr\u00f8nland. Artikel<\/p>\n<p>i: B\u00f8rn og unge i Gr\u00f8nland \u2013 en antologi. Milik Publishing for MIPI<\/p>\n<p>(Videnscenter om b\u00f8rn og unge i Gr\u00f8nland) 2007<\/p>\n<p>Gregersen, C.: Livsmod. Socialp\u00e6dagogisk og psykoterapeutisk behandling af b\u00f8rn i Gr\u00f8nland. \/grl.: Inoorusunneq.Inooqataanermut perorsaanikkut aamma tarnikkut katsorsaanikkut Kalaallit Nunaanni meeqqanik katsorsaaneq. Nuuk Milik Publishing, 2010<\/p>\n<p><a href=\"http:\/\/infolink2003.elbo.dk\/PsyNyt\/Dokumenter\/doc\/16732.pdf\" target=\"_blank\" rel=\"noopener noreferrer\">L\u00e6s anmeldelse af Livsmod<\/a><\/p>\n<p><strong>Film<\/strong>:<\/p>\n<p>Faglig ansvarlig og medvirkende i undervisningsfilmen<\/p>\n<p>\u201dDet skjulte Ansigt\u201d v\/Ruth Montgomery-Andersen og Kristin Hauksdottir, Totak production, 2006 (distribueres af Paarisa, Nuuk)<\/p>\n<p>Faglig konsulent og medvirkende i de 3 dokumentarfilm: Omsorg for b\u00f8rn og unge:<\/p>\n<ol>\n<li>Den smertefulde barndom<\/li>\n<li>Et anderledes b\u00f8rneliv<\/li>\n<li>Omsorgssvigt og det omgivende samfund<\/li>\n<\/ol>\n<p>Familiedirektoratet, Gr\u00f8nlands Hjemmestyre, 2007 (TV udsendelser, produceret af Tumit Press, 2006 og 2007)<\/p>\n<div><\/div>\n<div><strong>Downloads<\/strong>:<\/div>\n<div>\n<ul>\n<li><a href=\"http:\/\/psykologi.gl\/?page_id=79\">Det gode liv i Uummannaq<\/a><\/li>\n<li><a href=\"http:\/\/psykologi.gl\/?page_id=96\">Drenge og seksuelle overgreb<\/a><\/li>\n<li><a href=\"http:\/\/psykologi.gl\/?page_id=102\">Livsmod<\/a><\/li>\n<li><a href=\"http:\/\/psykologi.gl\/?page_id=82\">Nunamed opl\u00e6g 2003 (dansk)<\/a><\/li>\n<li><a href=\"http:\/\/psykologi.gl\/?page_id=83\">Nunamed opl\u00e6g 2003 (english)<\/a><\/li>\n<li><a href=\"http:\/\/psykologi.gl\/?page_id=86\">Omsorgssvigt rammer b\u00f8rn \u2013 Kunuunnguaq<\/a><\/li>\n<li><a href=\"http:\/\/psykologi.gl\/?page_id=108\">Oplysningskampagnen 2006 \u2013 2007<\/a><\/li>\n<li><a href=\"http:\/\/psykologi.gl\/?page_id=89\">Selvmords artikel 1998<\/a><\/li>\n<li><a href=\"http:\/\/psykologi.gl\/?page_id=91\">Sorggruppen i Nuuk<\/a><\/li>\n<\/ul>\n<\/div>\n","protected":false},"excerpt":{"rendered":"<p>&nbsp; Amalia Lynge Pedersen &#8211; Publikationer: Medforfatter i videnskabelige publikationer omkring psykisk helbred i prim\u00e6r sundhedstjeneste i Gr\u00f8nland: Psykisk helbred hos patienter i Gr\u00f8nlands sundhedsv\u00e6sen Inge Lynge, Povl Munk-J\u00f8rgensen, Amalie Lynge Pedersen, Gert Mulvad og Peter Bjerregaard Statens Institut for Folkesundhed og forfatterne, K\u00f8benhavn 2003 Common mental disorders among patients in primary health care in [&hellip;]<\/p>\n","protected":false},"author":1,"featured_media":0,"parent":0,"menu_order":3,"comment_status":"closed","ping_status":"closed","template":"","meta":{"footnotes":""},"class_list":["post-20","page","type-page","status-publish","hentry"],"_links":{"self":[{"href":"https:\/\/psykologi.gl\/index.php?rest_route=\/wp\/v2\/pages\/20","targetHints":{"allow":["GET"]}}],"collection":[{"href":"https:\/\/psykologi.gl\/index.php?rest_route=\/wp\/v2\/pages"}],"about":[{"href":"https:\/\/psykologi.gl\/index.php?rest_route=\/wp\/v2\/types\/page"}],"author":[{"embeddable":true,"href":"https:\/\/psykologi.gl\/index.php?rest_route=\/wp\/v2\/users\/1"}],"replies":[{"embeddable":true,"href":"https:\/\/psykologi.gl\/index.php?rest_route=%2Fwp%2Fv2%2Fcomments&post=20"}],"version-history":[{"count":42,"href":"https:\/\/psykologi.gl\/index.php?rest_route=\/wp\/v2\/pages\/20\/revisions"}],"predecessor-version":[{"id":604,"href":"https:\/\/psykologi.gl\/index.php?rest_route=\/wp\/v2\/pages\/20\/revisions\/604"}],"wp:attachment":[{"href":"https:\/\/psykologi.gl\/index.php?rest_route=%2Fwp%2Fv2%2Fmedia&parent=20"}],"curies":[{"name":"wp","href":"https:\/\/api.w.org\/{rel}","templated":true}]}}