{"id":56,"date":"2012-06-26T13:15:22","date_gmt":"2012-06-26T13:15:22","guid":{"rendered":"http:\/\/psykologi.gl\/?page_id=56"},"modified":"2026-01-08T11:09:44","modified_gmt":"2026-01-08T14:09:44","slug":"amalia-lynge-pedersen","status":"publish","type":"page","link":"https:\/\/psykologi.gl\/?page_id=56","title":{"rendered":"Amalia Bodil Lynge Pedersen"},"content":{"rendered":"<p><strong>Praksisoplysninger: <span style=\"color: #ff0000;\">Malugiuk &#8211;\u00a0<\/span><span style=\"color: #ff0000;\">NB. \u00a0Onlinekkut oqaloqateqartarpunga\/ Jeg tilbyder online samtaler via Teams\u00a0<\/span><\/strong><\/p>\n<p>Ukioq inunngorfik \/ F\u00f8de\u00e5r: 1965<\/p>\n<p>Ukioq Aarhus Universitetimi naammassiffik \/Kandidat\u00e5r.: 1995<\/p>\n<p>Klinisk Psykolog<\/p>\n<p>Autoriseret af Psykologn\u00e6vnet: 2000<\/p>\n<p><strong>SAAFFIGINNIFFISSAQ\/ KONTAKTOPLYSNINGER<\/strong><\/p>\n<p>E mail:\u00a0<a href=\"mailto:amalia@psykologi.gl\">amalia@psykologi.gl<\/a><\/p>\n<p>&amp; alppsykologi@gmail.com<\/p>\n<p>Tfl. Nr.: +299 58 26 26 \u00a0 +45 \u00a04620 5299<\/p>\n<p>Teams adresse : Amalia@Lynge.onmicrosoft.com<\/p>\n<p><strong>Oqarasuaatikkut \/ Telefon: <\/strong>Ulluinnarni<strong>\u00a0\/<\/strong>Hverdage fra kl. 7-12<br \/>\nOqaloqateqarnermi matoqqasarpoq \/ Lukket under samtaler<\/p>\n<p><strong><span style=\"color: #ff0000;\">Onlinekkut oqaloqateqartarpunga:<\/span>\u00a0\u00a0Inuusuttut, inersimasut aamma inulerisunut supervision<\/strong><\/p>\n<p><strong>TILBYDER\u00a0<span style=\"color: #ff0000;\">online samtaler<\/span><\/strong>: Unge, Voksne og Supervisionsopgaver<\/p>\n<p><strong>ERFARING\/INTERESSER \u00a0 \u00a0 \u00a0 \u00a0 \u00a0 \u00a0 \u00a0 \u00a0 \u00a0 \u00a0\u00a0<\/strong><\/p>\n<ul>\n<li>Psykologisk Behandling<\/li>\n<li>B\u00f8rn, unge, par og voksne<\/li>\n<li>Ungdomspsykiatri<\/li>\n<li>Familie- og parterapi<\/li>\n<li>Selvskadende adf\u00e6rd<\/li>\n<li>Angst og depression<\/li>\n<li>Stress<\/li>\n<li>Selvv\u00e6rd og selvtillid<\/li>\n<li>Supervision af Psykologer og<\/li>\n<li>andre faggrupper<\/li>\n<li>Formidling og forskning<\/li>\n<\/ul>\n<p><strong>ARBEJDSTILGANG<\/strong>: I mit arbejde anvender jeg prim\u00e6rt elementer fra den Narrative, Psykodynamiske, Systemiske, Eksistentielle og Kognitive terapi.<\/p>\n<p>Psykoterapi kan \u00e6ndre vores tankegang, f\u00f8lelser og handlem\u00e5der og er en livslang investering.<\/p>\n<p><span style=\"text-decoration: underline;\">Kortfattet <\/span>om metoderne<\/p>\n<p><strong>Narrativ tilgang i terapi.<\/strong><\/p>\n<p>I vores gr\u00f8nlandske kulturelle arv og samv\u00e6rsform anvender vi i h\u00f8j grad af vore fort\u00e6llinger. S\u00e5ledes er vores identitet blandt andet p\u00e5virket af vores kultur og samfunds fort\u00e6llinger. Vi har igennem generationer underg\u00e5et store forandringer som folk og som land. Vi har mange gode historie, men vi kan ogs\u00e5 b\u00e6re p\u00e5 historier, som er uhensigtsm\u00e6ssige for vores liv.<\/p>\n<p>Ved narrativ terapi arbejdes der med udgangspunkt i at mennesket indeholder mange historier &#8211; livshistorier. Egenopfattelsen af ens historie &#8211; ens egen fort\u00e6lling &#8211; er med til at forme en selv. S\u00e5ledes har vi tendens til at v\u00e6re i historien om os selv. Ved at arbejde med sine alternative fort\u00e6llinger og eller at arbejde p\u00e5 at udvide de allerede eksisterende fort\u00e6llinger man har kan der skabes forandring.<\/p>\n<p><strong>Psykodynamisk tilgang<\/strong><\/p>\n<p>Tager udgangspunkt i, at individets f\u00f8lelser og t\u00e6nkning i tilv\u00e6relsen tager afs\u00e6t i barndommens oplevelser. Forholdet til for\u00e6ldrene og omgivelserne har p\u00e5virket udviklingen af ens selvopfattelse og den m\u00e5de man forst\u00e5r tilv\u00e6relsen p\u00e5. Indsigt i ubevidste psykologiske processer og f\u00f8lelsesm\u00e6ssige reaktioner kan give \u00f8get selvindsigt og forst\u00e5else.<\/p>\n<p><strong>Systemisk metode<\/strong><\/p>\n<p>Tager udgangspunkt i en forst\u00e5else af, at menneskets problem ikke alene tilh\u00f8rer individet, men er opst\u00e5et i og vedligeholdes af det sociale samspil, som individet indg\u00e5r. S\u00e5ledes arbejdes der udfra at inddrage et st\u00f8rre system i forst\u00e5elsen af problemerne.<\/p>\n<p><strong>Eksistentiel terapi<\/strong><\/p>\n<p>Tager udgangspunkt i livets fire grundvilk\u00e5r (Jvf. Irvin D. Yalom) nemlig:<\/p>\n<ul>\n<li>D\u00f8den &#8211; bevistheden om at vi alle skal d\u00f8, livet og d\u00f8den som hinandens foruds\u00e6tninger, d\u00f8den som urkilde til angst og psykologiske sp\u00e6ndinger.<\/li>\n<li>Friheden &#8211; Ansvar og Vilje. Vi har det fulde ansvar for de valg vi tr\u00e6ffer i vores liv og for de handlinger vi g\u00f8r.<\/li>\n<li>Isolationen &#8211; vi f\u00f8des alene og d\u00f8r alene. Livet indeholder en fundamental ensomhed.<\/li>\n<li>Meningsl\u00f8sheden &#8211; Hvad er livets mening? Hvorfor er vi til, hvorfor er vi sat til verden, hvad lever vi for, hvad skal vi leve efter.<\/li>\n<\/ul>\n<p><strong>Kognitiv terapi<\/strong><\/p>\n<p>Tager udgangspunkt i en indsigtsgivende terapiform. I denne metode arbejdes der med at udvikle individets evne til at t\u00e6nke realistisk og handle baseret p\u00e5 fornuft og logik. S\u00e5ledes kan der ske en \u00f8gning af kvaliteten af egne handlemuligheder og en bedring af egne oplevelser og f\u00f8lelser. I denne terapiform bruges forskellige teknikker, som har til form\u00e5l at identificere de h\u00e6ndelser, som har udl\u00f8st problemerne og de f\u00f8lgende negative tanker, handlinger og f\u00f8lelser.<\/p>\n","protected":false},"excerpt":{"rendered":"<p>Praksisoplysninger: Malugiuk &#8211;\u00a0NB. \u00a0Onlinekkut oqaloqateqartarpunga\/ Jeg tilbyder online samtaler via Teams\u00a0 Ukioq inunngorfik \/ F\u00f8de\u00e5r: 1965 Ukioq Aarhus Universitetimi naammassiffik \/Kandidat\u00e5r.: 1995 Klinisk Psykolog Autoriseret af Psykologn\u00e6vnet: 2000 SAAFFIGINNIFFISSAQ\/ KONTAKTOPLYSNINGER E mail:\u00a0amalia@psykologi.gl &amp; alppsykologi@gmail.com Tfl. Nr.: +299 58 26 26 \u00a0 +45 \u00a04620 5299 Teams adresse : Amalia@Lynge.onmicrosoft.com Oqarasuaatikkut \/ Telefon: Ulluinnarni\u00a0\/Hverdage fra kl. 7-12 [&hellip;]<\/p>\n","protected":false},"author":1,"featured_media":0,"parent":7,"menu_order":0,"comment_status":"closed","ping_status":"closed","template":"","meta":{"footnotes":""},"class_list":["post-56","page","type-page","status-publish","hentry"],"_links":{"self":[{"href":"https:\/\/psykologi.gl\/index.php?rest_route=\/wp\/v2\/pages\/56","targetHints":{"allow":["GET"]}}],"collection":[{"href":"https:\/\/psykologi.gl\/index.php?rest_route=\/wp\/v2\/pages"}],"about":[{"href":"https:\/\/psykologi.gl\/index.php?rest_route=\/wp\/v2\/types\/page"}],"author":[{"embeddable":true,"href":"https:\/\/psykologi.gl\/index.php?rest_route=\/wp\/v2\/users\/1"}],"replies":[{"embeddable":true,"href":"https:\/\/psykologi.gl\/index.php?rest_route=%2Fwp%2Fv2%2Fcomments&post=56"}],"version-history":[{"count":38,"href":"https:\/\/psykologi.gl\/index.php?rest_route=\/wp\/v2\/pages\/56\/revisions"}],"predecessor-version":[{"id":621,"href":"https:\/\/psykologi.gl\/index.php?rest_route=\/wp\/v2\/pages\/56\/revisions\/621"}],"up":[{"embeddable":true,"href":"https:\/\/psykologi.gl\/index.php?rest_route=\/wp\/v2\/pages\/7"}],"wp:attachment":[{"href":"https:\/\/psykologi.gl\/index.php?rest_route=%2Fwp%2Fv2%2Fmedia&parent=56"}],"curies":[{"name":"wp","href":"https:\/\/api.w.org\/{rel}","templated":true}]}}