{"id":58,"date":"2012-06-26T13:20:03","date_gmt":"2012-06-26T13:20:03","guid":{"rendered":"http:\/\/psykologi.gl\/?page_id=58"},"modified":"2026-04-06T08:30:57","modified_gmt":"2026-04-06T11:30:57","slug":"conni-kirstine-gregersen","status":"publish","type":"page","link":"https:\/\/psykologi.gl\/?page_id=58","title":{"rendered":"Conni Kirstine Gregersen"},"content":{"rendered":"<p>Klinisk Psykolog<br \/>\nSupervisor &amp; specialist i psykoterapi<\/p>\n<p>Tlf.nr.: +299 537751<br \/>\nEmail:\u00a0<a href=\"mailto:conni@psykologi.gl\">conni@psykologi.gl<\/a><\/p>\n<p>Hvem er jeg?<\/p>\n<p><strong>Conni Gregersen &#8211; Klinisk Psykolog, supervisor og specialist i psykoterapi siden 1995<\/strong><\/p>\n<p>Jeg er f\u00f8dt 1951 i Rudk\u00f8bing, vokset op i Thy.<\/p>\n<p>Jeg dimitterede som cand.psych. fra \u00c5rhus Universitet, 1978, og har erfaring som psykolog i Gr\u00f8nland siden 1994. Jeg har s\u00e6rligt arbejdet i den sociale sektor med anbragte b\u00f8rn&amp;unge og deres familier, med terapi, supervision og undervisning af medarbejdere p\u00e5 d\u00f8gninstitutioner og andre sociale tilgange til disse temaer \u2013<\/p>\n<p>Desuden med mennesker med psykiske handicaps, mest autisme<\/p>\n<p>Klinisk efteruddannelse fra 1980, v\/cand.psych. Annette Bang Roll og cand.psych. Nils Mulvad<\/p>\n<p>Efteruddannelse i arbejdet med f\u00f8lgerne af seksuelle overgreb og andre alvorlige overgreb v\/ Eva Hildebrand, 1989<br \/>\n<a href=\"http:\/\/www.hildebrandinstituttet.dk\">www.hildebrandinstituttet.dk<\/a><\/p>\n<p>Sorgterapeut uddannelse fra Nini Leick og Marianne Davidsen-Nielsen i 1998,<\/p>\n<p>Uddannelse i sp\u00e6db\u00f8rneterapi i 2006 v\/ Inger Thormann og Inger Poulsen, se <a href=\"http:\/\/www.spaedbarnsterAPI.DK\">www.spaedbarnsterAPI.DK<\/a><\/p>\n<p>Noel Larson \u2026<\/p>\n<p>Jeg arbejder med et bredt spektrum af opgaver vedr\u00f8rende b\u00f8rn, familier, relationer, udvikling, s\u00e6rlig s\u00e5rbarhed, systemer \u2026 og tilbyder indenfor disse omr\u00e5der:<\/p>\n<ul>\n<li>Terapi<\/li>\n<li>Supervision<\/li>\n<li>Undervisning<\/li>\n<\/ul>\n<div><\/div>\n<div><\/div>\n<div><\/div>\n","protected":false},"excerpt":{"rendered":"<p>Klinisk Psykolog Supervisor &amp; specialist i psykoterapi Tlf.nr.: +299 537751 Email:\u00a0conni@psykologi.gl Hvem er jeg? Conni Gregersen &#8211; Klinisk Psykolog, supervisor og specialist i psykoterapi siden 1995 Jeg er f\u00f8dt 1951 i Rudk\u00f8bing, vokset op i Thy. Jeg dimitterede som cand.psych. fra \u00c5rhus Universitet, 1978, og har erfaring som psykolog i Gr\u00f8nland siden 1994. Jeg har [&hellip;]<\/p>\n","protected":false},"author":1,"featured_media":0,"parent":7,"menu_order":0,"comment_status":"closed","ping_status":"closed","template":"","meta":{"footnotes":""},"class_list":["post-58","page","type-page","status-publish","hentry"],"_links":{"self":[{"href":"https:\/\/psykologi.gl\/index.php?rest_route=\/wp\/v2\/pages\/58","targetHints":{"allow":["GET"]}}],"collection":[{"href":"https:\/\/psykologi.gl\/index.php?rest_route=\/wp\/v2\/pages"}],"about":[{"href":"https:\/\/psykologi.gl\/index.php?rest_route=\/wp\/v2\/types\/page"}],"author":[{"embeddable":true,"href":"https:\/\/psykologi.gl\/index.php?rest_route=\/wp\/v2\/users\/1"}],"replies":[{"embeddable":true,"href":"https:\/\/psykologi.gl\/index.php?rest_route=%2Fwp%2Fv2%2Fcomments&post=58"}],"version-history":[{"count":20,"href":"https:\/\/psykologi.gl\/index.php?rest_route=\/wp\/v2\/pages\/58\/revisions"}],"predecessor-version":[{"id":627,"href":"https:\/\/psykologi.gl\/index.php?rest_route=\/wp\/v2\/pages\/58\/revisions\/627"}],"up":[{"embeddable":true,"href":"https:\/\/psykologi.gl\/index.php?rest_route=\/wp\/v2\/pages\/7"}],"wp:attachment":[{"href":"https:\/\/psykologi.gl\/index.php?rest_route=%2Fwp%2Fv2%2Fmedia&parent=58"}],"curies":[{"name":"wp","href":"https:\/\/api.w.org\/{rel}","templated":true}]}}